{"id":108,"date":"2025-10-28T21:57:10","date_gmt":"2025-10-28T19:57:10","guid":{"rendered":"https:\/\/lounasrasti.fi\/?page_id=108"},"modified":"2026-04-17T21:02:42","modified_gmt":"2026-04-17T19:02:42","slug":"lounaslista","status":"publish","type":"page","link":"https:\/\/lounasrasti.fi\/?page_id=108","title":{"rendered":"Lounaslista"},"content":{"rendered":"\n<h2 class=\"wp-block-heading\">Lounas 12,50\u20ac El\u00e4kel\u00e4islounas 11\u20ac Keittolounas 9,50\u20ac<\/h2>\n\n\n\n<p><\/p>\n\n\n\n<p>Lounasrastin buffetlounas sis\u00e4lt\u00e4\u00e4 l\u00e4mpim\u00e4n ruoan, salaattip\u00f6yd\u00e4n, leip\u00e4\u00e4, ruokajuomat, j\u00e4lkiruoan sek\u00e4 kahvin\/teen. Lounas tarjolla arkip\u00e4ivisin 10.30 &#8211; 14.00. <\/p>\n\n\n\n<figure class=\"wp-block-image size-full is-resized\"><img loading=\"lazy\" decoding=\"async\" width=\"608\" height=\"190\" src=\"https:\/\/lounasrasti.fi\/wp-content\/uploads\/2026\/01\/Epassi20Logo20Primary20Color20RGB.png\" alt=\"\" class=\"wp-image-320\" style=\"width:188px;height:auto\" srcset=\"https:\/\/lounasrasti.fi\/wp-content\/uploads\/2026\/01\/Epassi20Logo20Primary20Color20RGB.png 608w, https:\/\/lounasrasti.fi\/wp-content\/uploads\/2026\/01\/Epassi20Logo20Primary20Color20RGB-300x94.png 300w\" sizes=\"auto, (max-width: 608px) 100vw, 608px\" \/><\/figure>\n\n\n\n<figure class=\"wp-block-image size-large is-resized\"><a href=\"https:\/\/myedenred.fi\/affiliate-payment\/80482d24-c443-42ce-8216-795fcddfd4bb\"><img loading=\"lazy\" decoding=\"async\" width=\"1024\" height=\"657\" src=\"https:\/\/lounasrasti.fi\/wp-content\/uploads\/2026\/01\/Edenred_logo_RGB_red-1024x657.png\" alt=\"\" class=\"wp-image-319\" style=\"aspect-ratio:1.5586854460093897;width:145px;height:auto\" srcset=\"https:\/\/lounasrasti.fi\/wp-content\/uploads\/2026\/01\/Edenred_logo_RGB_red-1024x657.png 1024w, https:\/\/lounasrasti.fi\/wp-content\/uploads\/2026\/01\/Edenred_logo_RGB_red-300x192.png 300w, https:\/\/lounasrasti.fi\/wp-content\/uploads\/2026\/01\/Edenred_logo_RGB_red-768x493.png 768w, https:\/\/lounasrasti.fi\/wp-content\/uploads\/2026\/01\/Edenred_logo_RGB_red.png 1239w\" sizes=\"auto, (max-width: 1024px) 100vw, 1024px\" \/><\/a><\/figure>\n\n\n\n<p class=\"has-superbfont-medium-font-size\"><strong>MAANANTAI 20.04<\/strong><\/p>\n\n\n\n<ul class=\"wp-block-list\">\n<li>Juustoinen bataattisosekeitto L, G<\/li>\n<\/ul>\n\n\n\n<ul class=\"wp-block-list\">\n<li>Sipulipihvit L, G<\/li>\n<\/ul>\n\n\n\n<ul class=\"wp-block-list\">\n<li>Kana-aurajuustokiusaus L, G<\/li>\n<\/ul>\n\n\n\n<ul class=\"wp-block-list\">\n<li>J\u00e4lkiruoka<\/li>\n<\/ul>\n\n\n\n<p><\/p>\n\n\n\n<p class=\"has-superbfont-medium-font-size\"><strong>TIISTAI&nbsp;21.04<\/strong> <\/p>\n\n\n\n<ul class=\"wp-block-list\">\n<li>Siskonmakkarakeitto L, G<\/li>\n<\/ul>\n\n\n\n<ul class=\"wp-block-list\">\n<li>BBQ possu L, G<\/li>\n<\/ul>\n\n\n\n<ul class=\"wp-block-list\">\n<li>Sitruunainen uunikala L, G<\/li>\n<\/ul>\n\n\n\n<ul class=\"wp-block-list\">\n<li>J\u00e4lkiruoka<\/li>\n<\/ul>\n\n\n\n<p class=\"has-superbfont-medium-font-size\"><strong><strong>KESKIVIIKKO 22.04<\/strong><\/strong><\/p>\n\n\n\n<ul class=\"wp-block-list\">\n<li>Parsakaali-kukkakaalikeitto L, G<\/li>\n<\/ul>\n\n\n\n<ul class=\"wp-block-list\">\n<li>Pyttipannu talon tapaan L, G<\/li>\n<\/ul>\n\n\n\n<ul class=\"wp-block-list\">\n<li>Kanaviillokki L, G<\/li>\n<\/ul>\n\n\n\n<ul class=\"wp-block-list\">\n<li>J\u00e4lkiruoka<\/li>\n<\/ul>\n\n\n\n<p><\/p>\n\n\n\n<p class=\"has-superbfont-medium-font-size\"><strong><strong>TORSTAI 23.04<\/strong><\/strong><\/p>\n\n\n\n<ul class=\"wp-block-list\">\n<li>Borssikeitto L, G<\/li>\n<\/ul>\n\n\n\n<ul class=\"wp-block-list\">\n<li>Burgundinpata L, G<\/li>\n<\/ul>\n\n\n\n<ul class=\"wp-block-list\">\n<li>Teriyaki-tofunuudelit L, G<\/li>\n<\/ul>\n\n\n\n<ul class=\"wp-block-list\">\n<li>J\u00e4lkiruoka<\/li>\n<\/ul>\n\n\n\n<p class=\"has-superbfont-medium-font-size\"><\/p>\n\n\n\n<p class=\"has-superbfont-medium-font-size\"><strong><strong>PERJANTAI 24.04<\/strong><\/strong><\/p>\n\n\n\n<ul class=\"wp-block-list\">\n<li>Kahden kalan keitto L, G<\/li>\n<\/ul>\n\n\n\n<ul class=\"wp-block-list\">\n<li>Paneroidut possunleikkeet bearnaisekastikkeessa L<\/li>\n<\/ul>\n\n\n\n<ul class=\"wp-block-list\">\n<li>Makaronilaatikko L<\/li>\n<\/ul>\n\n\n\n<ul class=\"wp-block-list\">\n<li>J\u00e4lkiruoka<\/li>\n<\/ul>\n\n\n\n<p><\/p>\n\n\n\n<figure class=\"wp-block-image aligncenter size-large is-resized\"><img loading=\"lazy\" decoding=\"async\" width=\"1024\" height=\"767\" src=\"https:\/\/lounasrasti.fi\/wp-content\/uploads\/2025\/10\/image0000001-1024x767.jpg\" alt=\"\" class=\"wp-image-194\" style=\"width:295px;height:auto\" srcset=\"https:\/\/lounasrasti.fi\/wp-content\/uploads\/2025\/10\/image0000001-1024x767.jpg 1024w, https:\/\/lounasrasti.fi\/wp-content\/uploads\/2025\/10\/image0000001-300x225.jpg 300w, https:\/\/lounasrasti.fi\/wp-content\/uploads\/2025\/10\/image0000001-768x575.jpg 768w, https:\/\/lounasrasti.fi\/wp-content\/uploads\/2025\/10\/image0000001-1536x1151.jpg 1536w, https:\/\/lounasrasti.fi\/wp-content\/uploads\/2025\/10\/image0000001.jpg 1599w\" sizes=\"auto, (max-width: 1024px) 100vw, 1024px\" \/><\/figure>\n\n\n\n<figure class=\"wp-block-image aligncenter size-large is-resized\"><img loading=\"lazy\" decoding=\"async\" width=\"1024\" height=\"768\" src=\"https:\/\/lounasrasti.fi\/wp-content\/uploads\/2025\/10\/eae5bb7a-e576-4883-b0d0-73b5f7c8bdd2-1024x768.jpg\" alt=\"\" class=\"wp-image-190\" style=\"width:297px;height:auto\" srcset=\"https:\/\/lounasrasti.fi\/wp-content\/uploads\/2025\/10\/eae5bb7a-e576-4883-b0d0-73b5f7c8bdd2-1024x768.jpg 1024w, https:\/\/lounasrasti.fi\/wp-content\/uploads\/2025\/10\/eae5bb7a-e576-4883-b0d0-73b5f7c8bdd2-300x225.jpg 300w, https:\/\/lounasrasti.fi\/wp-content\/uploads\/2025\/10\/eae5bb7a-e576-4883-b0d0-73b5f7c8bdd2-768x576.jpg 768w\" sizes=\"auto, (max-width: 1024px) 100vw, 1024px\" \/><\/figure>\n\n\n\n<figure class=\"wp-block-image aligncenter size-large is-resized\"><img loading=\"lazy\" decoding=\"async\" width=\"1024\" height=\"768\" src=\"https:\/\/lounasrasti.fi\/wp-content\/uploads\/2025\/10\/0328f6ab-32fb-43b2-b09e-f50697aea021-1024x768.jpg\" alt=\"\" class=\"wp-image-188\" style=\"width:299px;height:auto\" srcset=\"https:\/\/lounasrasti.fi\/wp-content\/uploads\/2025\/10\/0328f6ab-32fb-43b2-b09e-f50697aea021-1024x768.jpg 1024w, https:\/\/lounasrasti.fi\/wp-content\/uploads\/2025\/10\/0328f6ab-32fb-43b2-b09e-f50697aea021-300x225.jpg 300w, https:\/\/lounasrasti.fi\/wp-content\/uploads\/2025\/10\/0328f6ab-32fb-43b2-b09e-f50697aea021-768x576.jpg 768w\" sizes=\"auto, (max-width: 1024px) 100vw, 1024px\" \/><\/figure>\n","protected":false},"excerpt":{"rendered":"<p>Lounas 12,50\u20ac El\u00e4kel\u00e4islounas 11\u20ac Keittolounas 9,50\u20ac Lounasrastin buffetlounas sis\u00e4lt\u00e4\u00e4 l\u00e4mpim\u00e4n ruoan, salaattip\u00f6yd\u00e4n, leip\u00e4\u00e4, ruokajuomat, j\u00e4lkiruoan sek\u00e4 kahvin\/teen. Lounas tarjolla arkip\u00e4ivisin 10.30 &#8211; 14.00. MAANANTAI 20.04 TIISTAI&nbsp;21.04 KESKIVIIKKO 22.04 TORSTAI 23.04 PERJANTAI 24.04<\/p>\n","protected":false},"author":1,"featured_media":0,"parent":0,"menu_order":0,"comment_status":"closed","ping_status":"closed","template":"","meta":{"footnotes":""},"class_list":["post-108","page","type-page","status-publish","hentry"],"_links":{"self":[{"href":"https:\/\/lounasrasti.fi\/index.php?rest_route=\/wp\/v2\/pages\/108","targetHints":{"allow":["GET"]}}],"collection":[{"href":"https:\/\/lounasrasti.fi\/index.php?rest_route=\/wp\/v2\/pages"}],"about":[{"href":"https:\/\/lounasrasti.fi\/index.php?rest_route=\/wp\/v2\/types\/page"}],"author":[{"embeddable":true,"href":"https:\/\/lounasrasti.fi\/index.php?rest_route=\/wp\/v2\/users\/1"}],"replies":[{"embeddable":true,"href":"https:\/\/lounasrasti.fi\/index.php?rest_route=%2Fwp%2Fv2%2Fcomments&post=108"}],"version-history":[{"count":75,"href":"https:\/\/lounasrasti.fi\/index.php?rest_route=\/wp\/v2\/pages\/108\/revisions"}],"predecessor-version":[{"id":383,"href":"https:\/\/lounasrasti.fi\/index.php?rest_route=\/wp\/v2\/pages\/108\/revisions\/383"}],"wp:attachment":[{"href":"https:\/\/lounasrasti.fi\/index.php?rest_route=%2Fwp%2Fv2%2Fmedia&parent=108"}],"curies":[{"name":"wp","href":"https:\/\/api.w.org\/{rel}","templated":true}]}}